{"id":3809,"date":"2023-04-13T11:42:58","date_gmt":"2023-04-13T11:42:58","guid":{"rendered":"http:\/\/greenify-demo.pbminfotech.com\/demo1\/?page_id=3004"},"modified":"2024-11-18T16:46:30","modified_gmt":"2024-11-18T19:46:30","slug":"hospedagem","status":"publish","type":"page","link":"https:\/\/brotasbiketour.com.br\/?page_id=3809","title":{"rendered":"Hospedagem"},"content":{"rendered":"\t\t<div data-elementor-type=\"wp-page\" data-elementor-id=\"3809\" class=\"elementor elementor-3809\">\n\t\t\t\t\t\t<div class=\"elementor-section elementor-top-section elementor-element elementor-element-6cf429b elementor-section-full_width elementor-section-stretched pbmit-col-stretched-none pbmit-cursor-color-blackish-color pbmit-bg-color-over-image elementor-section-height-default elementor-section-height-default\" data-id=\"6cf429b\" data-element_type=\"section\" data-settings=\"{&quot;stretch_section&quot;:&quot;section-stretched&quot;}\">\n\t\t\t\t\t\t<div class=\"elementor-container elementor-column-gap-no\">\n\t\t\t\t\t<div class=\"elementor-column elementor-col-100 elementor-top-column elementor-element elementor-element-d70045e pbmit-bg-color-over-image\" data-id=\"d70045e\" data-element_type=\"column\">\n\t\t\t<div class=\"elementor-widget-wrap elementor-element-populated\">\n\t\t\t\t\t\t<div class=\"elementor-element elementor-element-3670ff1 elementor-widget elementor-widget-pbmit_portfolio_element\" data-id=\"3670ff1\" data-element_type=\"widget\" data-widget_type=\"pbmit_portfolio_element.default\">\n\t\t\t\t<div class=\"elementor-widget-container\">\n\t\t\t<div class=\"pbminfotech-element pbminfotech-element-portfolio pbmit-element-portfolio-style-1 pbmit-element-viewtype-carousel pbmit-element-sticky-carousel-false pbminfotech-gap-default pbmit-infinite-scroll-no pbmit-infinite-scroll-button-no\" data-cpt=\"portfolio\" data-totalpagination=\"1\" data-style=\"1\" data-show=\"10\" data-columns=\"4\" data-loop=\"true\" data-autoplay=\"true\" data-center=\"false\" data-nav=\"false\" data-dots=\"false\" data-reverse=\"false\" data-autoplayspeed=\"5000\" data-margin=\"default\"><div class=\"pbmit-element-inner\">\n\t\t<div class=\"pbmit-ele-header-area\">\n\t\t\t\t<div class=\"pbmit-heading-subheading pbmit-heading-subheading-style-1 \"><\/div>\t\t\t\t\t<\/div>\n\n\t\t<div class=\"pbmit-infinite-scroll-data\">{\"cpt\":\"portfolio\",\"style\":\"1\",\"columns\":\"4\",\"show\":10,\"order\":\"DESC\",\"orderby\":\"DESC\"}<\/div>\n\t\t\t<div class=\"pbmit-element-posts-wrapper row multi-columns-row swiper-container\">\n\n\t\t\t\t<article class=\"pbmit-ele pbmit-ele-portfolio pbmit-portfolio-style-1 col-md-6 col-lg-3 casal pbmit-term-156 intermediaria pbmit-term-157 pbmit-odd pbmit-col-odd\"><div class=\"pbminfotech-post-content\">\n\t<div class=\"pbmit-featured-img-wrapper\"><div class=\"pbmit-featured-wrapper\"><a href=\"https:\/\/brotasbiketour.com.br\/?pbmit-portfolio=pousada-de-charme\"><img fetchpriority=\"high\" decoding=\"async\" width=\"700\" height=\"750\" src=\"https:\/\/brotasbiketour.com.br\/wp-content\/uploads\/2024\/11\/Pe-na-Terra-20.jpg-1-700x750.png\" class=\"attachment-pbmit-img-700x750 size-pbmit-img-700x750 wp-post-image\" alt=\"\" \/><\/a><\/div><\/div>\t<div class=\"pbminfotech-box-content\">\n\t\t<div class=\"pbminfotech-titlebox\">\n\t\t\t<div class=\"pbmit-port-cat\"><a href=\"https:\/\/brotasbiketour.com.br\/?pbmit-portfolio-category=casal\" rel=\"tag\">Casal<\/a>, <a href=\"https:\/\/brotasbiketour.com.br\/?pbmit-portfolio-category=intermediaria\" rel=\"tag\">Intermedi\u00e1ria<\/a><\/div>\n\t\t\t<h3 class=\"pbmit-portfolio-title\"><a href=\"https:\/\/brotasbiketour.com.br\/?pbmit-portfolio=pousada-de-charme\">Pousada de Charme e Aconchego para Cicloviagem em Fam\u00edlia!<\/a><\/h3>\n\t\t<\/div>\n\t<\/div>\n\t\t\t<a class=\"pbmit-link\" title=\"Pousada de Charme e Aconchego para Cicloviagem em Fam\u00edlia!\" href=\"https:\/\/brotasbiketour.com.br\/?pbmit-portfolio=pousada-de-charme\"><\/a>\n\t<\/div><\/article><article class=\"pbmit-ele pbmit-ele-portfolio pbmit-portfolio-style-1 col-md-6 col-lg-3 camping pbmit-term-169 economica pbmit-term-155 pbmit-even pbmit-col-odd\"><div class=\"pbminfotech-post-content\">\n\t<div class=\"pbmit-featured-img-wrapper\"><div class=\"pbmit-featured-wrapper\"><a href=\"https:\/\/brotasbiketour.com.br\/?pbmit-portfolio=camping\"><img decoding=\"async\" width=\"700\" height=\"750\" src=\"https:\/\/brotasbiketour.com.br\/wp-content\/uploads\/2024\/11\/martello5-700x750.jpg\" class=\"attachment-pbmit-img-700x750 size-pbmit-img-700x750 wp-post-image\" alt=\"\" \/><\/a><\/div><\/div>\t<div class=\"pbminfotech-box-content\">\n\t\t<div class=\"pbminfotech-titlebox\">\n\t\t\t<div class=\"pbmit-port-cat\"><a href=\"https:\/\/brotasbiketour.com.br\/?pbmit-portfolio-category=camping\" rel=\"tag\">Camping<\/a>, <a href=\"https:\/\/brotasbiketour.com.br\/?pbmit-portfolio-category=economica\" rel=\"tag\">Econ\u00f4mica<\/a><\/div>\n\t\t\t<h3 class=\"pbmit-portfolio-title\"><a href=\"https:\/\/brotasbiketour.com.br\/?pbmit-portfolio=camping\">Camping com \u00f3tima estrutura!<\/a><\/h3>\n\t\t<\/div>\n\t<\/div>\n\t\t\t<a class=\"pbmit-link\" title=\"Camping com \u00f3tima estrutura!\" href=\"https:\/\/brotasbiketour.com.br\/?pbmit-portfolio=camping\"><\/a>\n\t<\/div><\/article><article class=\"pbmit-ele pbmit-ele-portfolio pbmit-portfolio-style-1 col-md-6 col-lg-3 economica pbmit-term-155 pbmit-odd pbmit-col-odd\"><div class=\"pbminfotech-post-content\">\n\t<div class=\"pbmit-featured-img-wrapper\"><div class=\"pbmit-featured-wrapper\"><a href=\"https:\/\/brotasbiketour.com.br\/?pbmit-portfolio=pousada-central\"><img decoding=\"async\" width=\"700\" height=\"750\" src=\"https:\/\/brotasbiketour.com.br\/wp-content\/uploads\/2023\/04\/40393905_714031702269198_5125760927647399936_n-700x750.jpg\" class=\"attachment-pbmit-img-700x750 size-pbmit-img-700x750 wp-post-image\" alt=\"\" \/><\/a><\/div><\/div>\t<div class=\"pbminfotech-box-content\">\n\t\t<div class=\"pbminfotech-titlebox\">\n\t\t\t<div class=\"pbmit-port-cat\"><a href=\"https:\/\/brotasbiketour.com.br\/?pbmit-portfolio-category=economica\" rel=\"tag\">Econ\u00f4mica<\/a><\/div>\n\t\t\t<h3 class=\"pbmit-portfolio-title\"><a href=\"https:\/\/brotasbiketour.com.br\/?pbmit-portfolio=pousada-central\">Pousada Central para o Cicloviajante!<\/a><\/h3>\n\t\t<\/div>\n\t<\/div>\n\t\t\t<a class=\"pbmit-link\" title=\"Pousada Central para o Cicloviajante!\" href=\"https:\/\/brotasbiketour.com.br\/?pbmit-portfolio=pousada-central\"><\/a>\n\t<\/div><\/article><article class=\"pbmit-ele pbmit-ele-portfolio pbmit-portfolio-style-1 col-md-6 col-lg-3 casal pbmit-term-156 pbmit-even pbmit-col-odd\"><div class=\"pbminfotech-post-content\">\n\t<div class=\"pbmit-featured-img-wrapper\"><div class=\"pbmit-featured-wrapper\"><a href=\"https:\/\/brotasbiketour.com.br\/?pbmit-portfolio=loft-ecologico\"><img loading=\"lazy\" decoding=\"async\" width=\"700\" height=\"750\" src=\"https:\/\/brotasbiketour.com.br\/wp-content\/uploads\/2023\/04\/MG_7410-700x750.jpg\" class=\"attachment-pbmit-img-700x750 size-pbmit-img-700x750 wp-post-image\" alt=\"\" \/><\/a><\/div><\/div>\t<div class=\"pbminfotech-box-content\">\n\t\t<div class=\"pbminfotech-titlebox\">\n\t\t\t<div class=\"pbmit-port-cat\"><a href=\"https:\/\/brotasbiketour.com.br\/?pbmit-portfolio-category=casal\" rel=\"tag\">Casal<\/a><\/div>\n\t\t\t<h3 class=\"pbmit-portfolio-title\"><a href=\"https:\/\/brotasbiketour.com.br\/?pbmit-portfolio=loft-ecologico\">Loft Ecol\u00f3gico para Casais que Pedalam<\/a><\/h3>\n\t\t<\/div>\n\t<\/div>\n\t\t\t<a class=\"pbmit-link\" title=\"Loft Ecol\u00f3gico para Casais que Pedalam\" href=\"https:\/\/brotasbiketour.com.br\/?pbmit-portfolio=loft-ecologico\"><\/a>\n\t<\/div><\/article><article class=\"pbmit-ele pbmit-ele-portfolio pbmit-portfolio-style-1 col-md-6 col-lg-3 intermediaria pbmit-term-157 pbmit-odd pbmit-col-even\"><div class=\"pbminfotech-post-content\">\n\t<div class=\"pbmit-featured-img-wrapper\"><div class=\"pbmit-featured-wrapper\"><a href=\"https:\/\/brotasbiketour.com.br\/?pbmit-portfolio=pousada-familia\"><img loading=\"lazy\" decoding=\"async\" width=\"700\" height=\"750\" src=\"https:\/\/brotasbiketour.com.br\/wp-content\/uploads\/2023\/04\/expediav2-428171-7e15b4-596981-700x750.jpg\" class=\"attachment-pbmit-img-700x750 size-pbmit-img-700x750 wp-post-image\" alt=\"\" \/><\/a><\/div><\/div>\t<div class=\"pbminfotech-box-content\">\n\t\t<div class=\"pbminfotech-titlebox\">\n\t\t\t<div class=\"pbmit-port-cat\"><a href=\"https:\/\/brotasbiketour.com.br\/?pbmit-portfolio-category=intermediaria\" rel=\"tag\">Intermedi\u00e1ria<\/a><\/div>\n\t\t\t<h3 class=\"pbmit-portfolio-title\"><a href=\"https:\/\/brotasbiketour.com.br\/?pbmit-portfolio=pousada-familia\">Pousada para familia<\/a><\/h3>\n\t\t<\/div>\n\t<\/div>\n\t\t\t<a class=\"pbmit-link\" title=\"Pousada para familia\" href=\"https:\/\/brotasbiketour.com.br\/?pbmit-portfolio=pousada-familia\"><\/a>\n\t<\/div><\/article><article class=\"pbmit-ele pbmit-ele-portfolio pbmit-portfolio-style-1 col-md-6 col-lg-3 economica pbmit-term-155 pbmit-even pbmit-col-even\"><div class=\"pbminfotech-post-content\">\n\t<div class=\"pbmit-featured-img-wrapper\"><div class=\"pbmit-featured-wrapper\"><a href=\"https:\/\/brotasbiketour.com.br\/?pbmit-portfolio=pousada-acolhedora\"><img loading=\"lazy\" decoding=\"async\" width=\"700\" height=\"750\" src=\"https:\/\/brotasbiketour.com.br\/wp-content\/uploads\/2023\/04\/estacao1-700x750.jpg\" class=\"attachment-pbmit-img-700x750 size-pbmit-img-700x750 wp-post-image\" alt=\"\" \/><\/a><\/div><\/div>\t<div class=\"pbminfotech-box-content\">\n\t\t<div class=\"pbminfotech-titlebox\">\n\t\t\t<div class=\"pbmit-port-cat\"><a href=\"https:\/\/brotasbiketour.com.br\/?pbmit-portfolio-category=economica\" rel=\"tag\">Econ\u00f4mica<\/a><\/div>\n\t\t\t<h3 class=\"pbmit-portfolio-title\"><a href=\"https:\/\/brotasbiketour.com.br\/?pbmit-portfolio=pousada-acolhedora\">Pousada Acolhedora para Ciclistas!<\/a><\/h3>\n\t\t<\/div>\n\t<\/div>\n\t\t\t<a class=\"pbmit-link\" title=\"Pousada Acolhedora para Ciclistas!\" href=\"https:\/\/brotasbiketour.com.br\/?pbmit-portfolio=pousada-acolhedora\"><\/a>\n\t<\/div><\/article>\n\t\t\t<\/div>\n\n\t\t\t\n\t\t\n\t\t\n\t\t<\/div><!-- .pbmit-element-inner -->   <\/div><!-- .pbminfotech-element -->  \n\t    \t\t<\/div>\n\t\t\t\t<\/div>\n\t\t\t\t\t<\/div>\n\t\t<\/div>\n\t\t\t\t\t<\/div>\n\t\t<\/div>\n\t\t\t\t<\/div>\n\t\t","protected":false},"excerpt":{"rendered":"<p>{&#8220;cpt&#8221;:&#8221;portfolio&#8221;,&#8221;style&#8221;:&#8221;1&#8243;,&#8221;columns&#8221;:&#8221;4&#8243;,&#8221;show&#8221;:10,&#8221;order&#8221;:&#8221;DESC&#8221;,&#8221;orderby&#8221;:&#8221;DESC&#8221;} Casal, Intermedi\u00e1ria Pousada de Charme e Aconchego para Cicloviagem em Fam\u00edlia! Camping, Econ\u00f4mica Camping com \u00f3tima estrutura! Econ\u00f4mica Pousada Central para o Cicloviajante! Casal Loft Ecol\u00f3gico para Casais que Pedalam Intermedi\u00e1ria Pousada Dona Em\u00edlia Econ\u00f4mica Pousada Acolhedora para Ciclistas!<\/p>\n","protected":false},"author":1,"featured_media":0,"parent":0,"menu_order":16,"comment_status":"closed","ping_status":"closed","template":"","meta":{"_acf_changed":false,"inline_featured_image":false,"_joinchat":[],"footnotes":""},"class_list":["post-3809","page","type-page","status-publish","hentry"],"acf":[],"_links":{"self":[{"href":"https:\/\/brotasbiketour.com.br\/index.php?rest_route=\/wp\/v2\/pages\/3809","targetHints":{"allow":["GET"]}}],"collection":[{"href":"https:\/\/brotasbiketour.com.br\/index.php?rest_route=\/wp\/v2\/pages"}],"about":[{"href":"https:\/\/brotasbiketour.com.br\/index.php?rest_route=\/wp\/v2\/types\/page"}],"author":[{"embeddable":true,"href":"https:\/\/brotasbiketour.com.br\/index.php?rest_route=\/wp\/v2\/users\/1"}],"replies":[{"embeddable":true,"href":"https:\/\/brotasbiketour.com.br\/index.php?rest_route=%2Fwp%2Fv2%2Fcomments&post=3809"}],"version-history":[{"count":11,"href":"https:\/\/brotasbiketour.com.br\/index.php?rest_route=\/wp\/v2\/pages\/3809\/revisions"}],"predecessor-version":[{"id":4646,"href":"https:\/\/brotasbiketour.com.br\/index.php?rest_route=\/wp\/v2\/pages\/3809\/revisions\/4646"}],"wp:attachment":[{"href":"https:\/\/brotasbiketour.com.br\/index.php?rest_route=%2Fwp%2Fv2%2Fmedia&parent=3809"}],"curies":[{"name":"wp","href":"https:\/\/api.w.org\/{rel}","templated":true}]}}