{"id":3817,"date":"2023-04-13T10:04:27","date_gmt":"2023-04-13T10:04:27","guid":{"rendered":"http:\/\/greenify-demo.pbminfotech.com\/demo1\/?page_id=2894"},"modified":"2024-11-02T06:40:45","modified_gmt":"2024-11-02T09:40:45","slug":"roteiros","status":"publish","type":"page","link":"https:\/\/brotasbiketour.com.br\/?page_id=3817","title":{"rendered":"Roteiros"},"content":{"rendered":"\t\t<div data-elementor-type=\"wp-page\" data-elementor-id=\"3817\" class=\"elementor elementor-3817\">\n\t\t\t\t\t\t<div class=\"elementor-section elementor-top-section elementor-element elementor-element-8aa870c pbmit-section-line-yes pbmit-col-stretched-none pbmit-cursor-color-blackish-color pbmit-bg-color-over-image elementor-section-boxed elementor-section-height-default elementor-section-height-default\" data-id=\"8aa870c\" data-element_type=\"section\">\n\t\t\t\t\t\t<div class=\"elementor-container elementor-column-gap-no\">\n\t\t\t\t\t<div class=\"elementor-column elementor-col-100 elementor-top-column elementor-element elementor-element-0388b87 pbmit-bg-color-over-image\" data-id=\"0388b87\" data-element_type=\"column\">\n\t\t\t<div class=\"elementor-widget-wrap elementor-element-populated\">\n\t\t\t\t\t\t<div class=\"elementor-element elementor-element-270d558 elementor-widget elementor-widget-pbmit_service_element\" data-id=\"270d558\" data-element_type=\"widget\" data-widget_type=\"pbmit_service_element.default\">\n\t\t\t\t<div class=\"elementor-widget-container\">\n\t\t\t\n\t\t<div class=\"pbminfotech-element pbminfotech-element-service pbmit-element-service-style-1 pbmit-element-viewtype-row-column pbmit-element-sticky-carousel-false pbminfotech-gap-default pbmit-sortable-yes pbmit-infinite-scroll-no pbmit-infinite-scroll-button-no\" data-cpt=\"service\" data-totalpagination=\"1\" data-style=\"1\" data-show=\"12\" data-columns=\"3\" data-loop=\"false\" data-autoplay=\"false\" data-center=\"false\" data-nav=\"false\" data-dots=\"false\" data-reverse=\"false\" data-autoplayspeed=\"1000\" data-margin=\"default\"><div class=\"pbmit-element-inner\">\t\t\t<div class=\"pbmit-ele-header-area\">\n\t\t\t\t\t<div class=\"pbmit-heading-subheading pbmit-heading-subheading-style-1 \"><\/div>\t\t\t\t<div class=\"pbmit-sortable-list\"><ul class=\"pbmit-sortable-list-ul\">\n\t\t\t<li><a href=\"#\" class=\"pbmit-sortable-link pbmit-selected\" data-sortby=\"*\">All<\/a><\/li><li><a href=\"#\" class=\"pbmit-sortable-link\" data-sortby=\"pbmit-term-161\">Auto Guiado<\/a><\/li><li><a href=\"#\" class=\"pbmit-sortable-link\" data-sortby=\"pbmit-term-162\">Avan\u00e7ado<\/a><\/li><li><a href=\"#\" class=\"pbmit-sortable-link\" data-sortby=\"pbmit-term-158\">Iniciante<\/a><\/li><li><a href=\"#\" class=\"pbmit-sortable-link\" data-sortby=\"pbmit-term-159\">Iniciante II<\/a><\/li><li><a href=\"#\" class=\"pbmit-sortable-link\" data-sortby=\"pbmit-term-168\">Intermedi\u00e1rio<\/a><\/li>\n\t\t<\/ul><\/div>\t\t\t<\/div>\n\t\t\n\t\t<div class=\"pbmit-infinite-scroll-data\">{\"cpt\":\"service\",\"style\":\"1\",\"columns\":\"3\",\"show\":12,\"order\":\"ASC\",\"orderby\":\"DESC\"}<\/div>\n\t\t\t<div class=\"pbmit-element-posts-wrapper row multi-columns-row  \">\n\n\n\t\t\t\t\t\t\n\t\t\t\t<article class=\"pbmit-ele pbmit-ele-service pbmit-service-style-1 col-md-4 iniciante-ii pbmit-term-159  \">\n<div class=\"pbminfotech-post-item\">\n\t<div class=\"pbmit-service-image-wrapper\">\n\t\t<div class=\"pbmit-featured-img-wrapper\"><div class=\"pbmit-featured-wrapper\"><a href=\"https:\/\/brotasbiketour.com.br\/?pbmit-service=horto_25\"><img fetchpriority=\"high\" decoding=\"async\" width=\"700\" height=\"1000\" src=\"https:\/\/brotasbiketour.com.br\/wp-content\/uploads\/2023\/04\/IMG_0066-700x1000.jpg\" class=\"attachment-pbmit-img-700x1000 size-pbmit-img-700x1000 wp-post-image\" alt=\"\" srcset=\"https:\/\/brotasbiketour.com.br\/wp-content\/uploads\/2023\/04\/IMG_0066-700x1000.jpg 700w, https:\/\/brotasbiketour.com.br\/wp-content\/uploads\/2023\/04\/IMG_0066-770x1099.jpg 770w\" sizes=\"(max-width: 700px) 100vw, 700px\" \/><\/a><\/div><\/div>\t<\/div>\n\t<div class=\"pbminfotech-box-content\">\n\t\t<div class=\"pbmit-box-content-inner\">\n\t\t\t<div class=\"pbmit-service-icon-wrapper\">\n\t\t\t\t<i class=\"mdi mdi-directions-bike\"><\/i>\t\t\t<\/div>\n\t\t\t<div class=\"pbmit-heading-box\">\n\t\t\t\t<div class=\"pbmit-service-cat\"><a href=\"https:\/\/brotasbiketour.com.br\/?pbmit-service-category=iniciante-ii\" rel=\"tag\">Iniciante II<\/a><\/div>\n\t\t\t\t<h3 class=\"pbmit-service-title\"><a href=\"https:\/\/brotasbiketour.com.br\/?pbmit-service=horto_25\">Horto 25km<\/a><\/h3>\n\t\t\t<\/div>\n\t\t<\/div>\n\t<\/div>\n\t<a href=\"https:\/\/brotasbiketour.com.br\/?pbmit-service=horto_25\" class=\"pbmit-link\"><\/a>\n<\/div><\/article><article class=\"pbmit-ele pbmit-ele-service pbmit-service-style-1 col-md-4 iniciante pbmit-term-158  \">\n<div class=\"pbminfotech-post-item\">\n\t<div class=\"pbmit-service-image-wrapper\">\n\t\t<div class=\"pbmit-featured-img-wrapper\"><div class=\"pbmit-featured-wrapper\"><a href=\"https:\/\/brotasbiketour.com.br\/?pbmit-service=pocao\"><img decoding=\"async\" width=\"700\" height=\"1000\" src=\"https:\/\/brotasbiketour.com.br\/wp-content\/uploads\/2023\/03\/20220119_101558-700x1000.jpg\" class=\"attachment-pbmit-img-700x1000 size-pbmit-img-700x1000 wp-post-image\" alt=\"\" srcset=\"https:\/\/brotasbiketour.com.br\/wp-content\/uploads\/2023\/03\/20220119_101558-700x1000.jpg 700w, https:\/\/brotasbiketour.com.br\/wp-content\/uploads\/2023\/03\/20220119_101558-770x1099.jpg 770w\" sizes=\"(max-width: 700px) 100vw, 700px\" \/><\/a><\/div><\/div>\t<\/div>\n\t<div class=\"pbminfotech-box-content\">\n\t\t<div class=\"pbmit-box-content-inner\">\n\t\t\t<div class=\"pbmit-service-icon-wrapper\">\n\t\t\t\t<i class=\"mdi mdi-directions-bike\"><\/i>\t\t\t<\/div>\n\t\t\t<div class=\"pbmit-heading-box\">\n\t\t\t\t<div class=\"pbmit-service-cat\"><a href=\"https:\/\/brotasbiketour.com.br\/?pbmit-service-category=iniciante\" rel=\"tag\">Iniciante<\/a><\/div>\n\t\t\t\t<h3 class=\"pbmit-service-title\"><a href=\"https:\/\/brotasbiketour.com.br\/?pbmit-service=pocao\">Po\u00e7\u00e3o 13km<\/a><\/h3>\n\t\t\t<\/div>\n\t\t<\/div>\n\t<\/div>\n\t<a href=\"https:\/\/brotasbiketour.com.br\/?pbmit-service=pocao\" class=\"pbmit-link\"><\/a>\n<\/div><\/article><article class=\"pbmit-ele pbmit-ele-service pbmit-service-style-1 col-md-4 avancado pbmit-term-162  \">\n<div class=\"pbminfotech-post-item\">\n\t<div class=\"pbmit-service-image-wrapper\">\n\t\t<div class=\"pbmit-featured-img-wrapper\"><div class=\"pbmit-featured-wrapper\"><a href=\"https:\/\/brotasbiketour.com.br\/?pbmit-service=horto-full\"><img decoding=\"async\" width=\"700\" height=\"1000\" src=\"https:\/\/brotasbiketour.com.br\/wp-content\/uploads\/2023\/03\/@BOCAINA_ADVENTURE_JUNDIAI_DE_BIKE_EM_BROTAS_00026-700x1000.jpg\" class=\"attachment-pbmit-img-700x1000 size-pbmit-img-700x1000 wp-post-image\" alt=\"\" srcset=\"https:\/\/brotasbiketour.com.br\/wp-content\/uploads\/2023\/03\/@BOCAINA_ADVENTURE_JUNDIAI_DE_BIKE_EM_BROTAS_00026-700x1000.jpg 700w, https:\/\/brotasbiketour.com.br\/wp-content\/uploads\/2023\/03\/@BOCAINA_ADVENTURE_JUNDIAI_DE_BIKE_EM_BROTAS_00026-770x1099.jpg 770w\" sizes=\"(max-width: 700px) 100vw, 700px\" \/><\/a><\/div><\/div>\t<\/div>\n\t<div class=\"pbminfotech-box-content\">\n\t\t<div class=\"pbmit-box-content-inner\">\n\t\t\t<div class=\"pbmit-service-icon-wrapper\">\n\t\t\t\t<i class=\"mdi mdi-directions-bike\"><\/i>\t\t\t<\/div>\n\t\t\t<div class=\"pbmit-heading-box\">\n\t\t\t\t<div class=\"pbmit-service-cat\"><a href=\"https:\/\/brotasbiketour.com.br\/?pbmit-service-category=avancado\" rel=\"tag\">Avan\u00e7ado<\/a><\/div>\n\t\t\t\t<h3 class=\"pbmit-service-title\"><a href=\"https:\/\/brotasbiketour.com.br\/?pbmit-service=horto-full\">Horto Full 40km<\/a><\/h3>\n\t\t\t<\/div>\n\t\t<\/div>\n\t<\/div>\n\t<a href=\"https:\/\/brotasbiketour.com.br\/?pbmit-service=horto-full\" class=\"pbmit-link\"><\/a>\n<\/div><\/article><article class=\"pbmit-ele pbmit-ele-service pbmit-service-style-1 col-md-4 iniciante pbmit-term-158  \">\n<div class=\"pbminfotech-post-item\">\n\t<div class=\"pbmit-service-image-wrapper\">\n\t\t<div class=\"pbmit-featured-img-wrapper\"><div class=\"pbmit-featured-wrapper\"><a href=\"https:\/\/brotasbiketour.com.br\/?pbmit-service=mini-horto\"><img loading=\"lazy\" decoding=\"async\" width=\"700\" height=\"1000\" src=\"https:\/\/brotasbiketour.com.br\/wp-content\/uploads\/2023\/04\/dji_fly_20240728_110044_839_1722471176442_photo_optimized-700x1000.jpg\" class=\"attachment-pbmit-img-700x1000 size-pbmit-img-700x1000 wp-post-image\" alt=\"\" srcset=\"https:\/\/brotasbiketour.com.br\/wp-content\/uploads\/2023\/04\/dji_fly_20240728_110044_839_1722471176442_photo_optimized-700x1000.jpg 700w, https:\/\/brotasbiketour.com.br\/wp-content\/uploads\/2023\/04\/dji_fly_20240728_110044_839_1722471176442_photo_optimized-770x1099.jpg 770w\" sizes=\"(max-width: 700px) 100vw, 700px\" \/><\/a><\/div><\/div>\t<\/div>\n\t<div class=\"pbminfotech-box-content\">\n\t\t<div class=\"pbmit-box-content-inner\">\n\t\t\t<div class=\"pbmit-service-icon-wrapper\">\n\t\t\t\t<i class=\"mdi mdi-directions-bike\"><\/i>\t\t\t<\/div>\n\t\t\t<div class=\"pbmit-heading-box\">\n\t\t\t\t<div class=\"pbmit-service-cat\"><a href=\"https:\/\/brotasbiketour.com.br\/?pbmit-service-category=iniciante\" rel=\"tag\">Iniciante<\/a><\/div>\n\t\t\t\t<h3 class=\"pbmit-service-title\"><a href=\"https:\/\/brotasbiketour.com.br\/?pbmit-service=mini-horto\">Mini Horto 15km<\/a><\/h3>\n\t\t\t<\/div>\n\t\t<\/div>\n\t<\/div>\n\t<a href=\"https:\/\/brotasbiketour.com.br\/?pbmit-service=mini-horto\" class=\"pbmit-link\"><\/a>\n<\/div><\/article><article class=\"pbmit-ele pbmit-ele-service pbmit-service-style-1 col-md-4 avancado pbmit-term-162  \">\n<div class=\"pbminfotech-post-item\">\n\t<div class=\"pbmit-service-image-wrapper\">\n\t\t<div class=\"pbmit-featured-img-wrapper\"><div class=\"pbmit-featured-wrapper\"><a href=\"https:\/\/brotasbiketour.com.br\/?pbmit-service=circuito-cachoeiras\"><img loading=\"lazy\" decoding=\"async\" width=\"700\" height=\"1000\" src=\"https:\/\/brotasbiketour.com.br\/wp-content\/uploads\/2023\/04\/20211229_100302-700x1000.jpg\" class=\"attachment-pbmit-img-700x1000 size-pbmit-img-700x1000 wp-post-image\" alt=\"\" srcset=\"https:\/\/brotasbiketour.com.br\/wp-content\/uploads\/2023\/04\/20211229_100302-700x1000.jpg 700w, https:\/\/brotasbiketour.com.br\/wp-content\/uploads\/2023\/04\/20211229_100302-770x1099.jpg 770w\" sizes=\"(max-width: 700px) 100vw, 700px\" \/><\/a><\/div><\/div>\t<\/div>\n\t<div class=\"pbminfotech-box-content\">\n\t\t<div class=\"pbmit-box-content-inner\">\n\t\t\t<div class=\"pbmit-service-icon-wrapper\">\n\t\t\t\t<i class=\"mdi mdi-directions-bike\"><\/i>\t\t\t<\/div>\n\t\t\t<div class=\"pbmit-heading-box\">\n\t\t\t\t<div class=\"pbmit-service-cat\"><a href=\"https:\/\/brotasbiketour.com.br\/?pbmit-service-category=avancado\" rel=\"tag\">Avan\u00e7ado<\/a><\/div>\n\t\t\t\t<h3 class=\"pbmit-service-title\"><a href=\"https:\/\/brotasbiketour.com.br\/?pbmit-service=circuito-cachoeiras\">Circuito das Cachoeiras 65km<\/a><\/h3>\n\t\t\t<\/div>\n\t\t<\/div>\n\t<\/div>\n\t<a href=\"https:\/\/brotasbiketour.com.br\/?pbmit-service=circuito-cachoeiras\" class=\"pbmit-link\"><\/a>\n<\/div><\/article><article class=\"pbmit-ele pbmit-ele-service pbmit-service-style-1 col-md-4 avancado pbmit-term-162  \">\n<div class=\"pbminfotech-post-item\">\n\t<div class=\"pbmit-service-image-wrapper\">\n\t\t<div class=\"pbmit-featured-img-wrapper\"><div class=\"pbmit-featured-wrapper\"><a href=\"https:\/\/brotasbiketour.com.br\/?pbmit-service=santa-maria\"><img loading=\"lazy\" decoding=\"async\" width=\"700\" height=\"1000\" src=\"https:\/\/brotasbiketour.com.br\/wp-content\/uploads\/2023\/04\/IMG_6381-700x1000.jpg\" class=\"attachment-pbmit-img-700x1000 size-pbmit-img-700x1000 wp-post-image\" alt=\"\" srcset=\"https:\/\/brotasbiketour.com.br\/wp-content\/uploads\/2023\/04\/IMG_6381-700x1000.jpg 700w, https:\/\/brotasbiketour.com.br\/wp-content\/uploads\/2023\/04\/IMG_6381-770x1099.jpg 770w\" sizes=\"(max-width: 700px) 100vw, 700px\" \/><\/a><\/div><\/div>\t<\/div>\n\t<div class=\"pbminfotech-box-content\">\n\t\t<div class=\"pbmit-box-content-inner\">\n\t\t\t<div class=\"pbmit-service-icon-wrapper\">\n\t\t\t\t<i class=\"mdi mdi-directions-bike\"><\/i>\t\t\t<\/div>\n\t\t\t<div class=\"pbmit-heading-box\">\n\t\t\t\t<div class=\"pbmit-service-cat\"><a href=\"https:\/\/brotasbiketour.com.br\/?pbmit-service-category=avancado\" rel=\"tag\">Avan\u00e7ado<\/a><\/div>\n\t\t\t\t<h3 class=\"pbmit-service-title\"><a href=\"https:\/\/brotasbiketour.com.br\/?pbmit-service=santa-maria\">Santa Maria 26km<\/a><\/h3>\n\t\t\t<\/div>\n\t\t<\/div>\n\t<\/div>\n\t<a href=\"https:\/\/brotasbiketour.com.br\/?pbmit-service=santa-maria\" class=\"pbmit-link\"><\/a>\n<\/div><\/article><article class=\"pbmit-ele pbmit-ele-service pbmit-service-style-1 col-md-4 avancado pbmit-term-162  \">\n<div class=\"pbminfotech-post-item\">\n\t<div class=\"pbmit-service-image-wrapper\">\n\t\t<div class=\"pbmit-featured-img-wrapper\"><div class=\"pbmit-featured-wrapper\"><a href=\"https:\/\/brotasbiketour.com.br\/?pbmit-service=campo-redondo\"><img loading=\"lazy\" decoding=\"async\" width=\"700\" height=\"1000\" src=\"https:\/\/brotasbiketour.com.br\/wp-content\/uploads\/2023\/04\/20240821_095902-700x1000.jpg\" class=\"attachment-pbmit-img-700x1000 size-pbmit-img-700x1000 wp-post-image\" alt=\"\" srcset=\"https:\/\/brotasbiketour.com.br\/wp-content\/uploads\/2023\/04\/20240821_095902-700x1000.jpg 700w, https:\/\/brotasbiketour.com.br\/wp-content\/uploads\/2023\/04\/20240821_095902-770x1099.jpg 770w\" sizes=\"(max-width: 700px) 100vw, 700px\" \/><\/a><\/div><\/div>\t<\/div>\n\t<div class=\"pbminfotech-box-content\">\n\t\t<div class=\"pbmit-box-content-inner\">\n\t\t\t<div class=\"pbmit-service-icon-wrapper\">\n\t\t\t\t<i class=\"mdi mdi-directions-bike\"><\/i>\t\t\t<\/div>\n\t\t\t<div class=\"pbmit-heading-box\">\n\t\t\t\t<div class=\"pbmit-service-cat\"><a href=\"https:\/\/brotasbiketour.com.br\/?pbmit-service-category=avancado\" rel=\"tag\">Avan\u00e7ado<\/a><\/div>\n\t\t\t\t<h3 class=\"pbmit-service-title\"><a href=\"https:\/\/brotasbiketour.com.br\/?pbmit-service=campo-redondo\">Campo Redondo 55km<\/a><\/h3>\n\t\t\t<\/div>\n\t\t<\/div>\n\t<\/div>\n\t<a href=\"https:\/\/brotasbiketour.com.br\/?pbmit-service=campo-redondo\" class=\"pbmit-link\"><\/a>\n<\/div><\/article><article class=\"pbmit-ele pbmit-ele-service pbmit-service-style-1 col-md-4 avancado pbmit-term-162  \">\n<div class=\"pbminfotech-post-item\">\n\t<div class=\"pbmit-service-image-wrapper\">\n\t\t<div class=\"pbmit-featured-img-wrapper\"><div class=\"pbmit-featured-wrapper\"><a href=\"https:\/\/brotasbiketour.com.br\/?pbmit-service=horto_high\"><img loading=\"lazy\" decoding=\"async\" width=\"700\" height=\"1000\" src=\"https:\/\/brotasbiketour.com.br\/wp-content\/uploads\/2023\/03\/20210604_113341-700x1000.jpg\" class=\"attachment-pbmit-img-700x1000 size-pbmit-img-700x1000 wp-post-image\" alt=\"\" srcset=\"https:\/\/brotasbiketour.com.br\/wp-content\/uploads\/2023\/03\/20210604_113341-700x1000.jpg 700w, https:\/\/brotasbiketour.com.br\/wp-content\/uploads\/2023\/03\/20210604_113341-770x1099.jpg 770w\" sizes=\"(max-width: 700px) 100vw, 700px\" \/><\/a><\/div><\/div>\t<\/div>\n\t<div class=\"pbminfotech-box-content\">\n\t\t<div class=\"pbmit-box-content-inner\">\n\t\t\t<div class=\"pbmit-service-icon-wrapper\">\n\t\t\t\t<i class=\"mdi mdi-directions-bike\"><\/i>\t\t\t<\/div>\n\t\t\t<div class=\"pbmit-heading-box\">\n\t\t\t\t<div class=\"pbmit-service-cat\"><a href=\"https:\/\/brotasbiketour.com.br\/?pbmit-service-category=avancado\" rel=\"tag\">Avan\u00e7ado<\/a><\/div>\n\t\t\t\t<h3 class=\"pbmit-service-title\"><a href=\"https:\/\/brotasbiketour.com.br\/?pbmit-service=horto_high\">Horto High 32km<\/a><\/h3>\n\t\t\t<\/div>\n\t\t<\/div>\n\t<\/div>\n\t<a href=\"https:\/\/brotasbiketour.com.br\/?pbmit-service=horto_high\" class=\"pbmit-link\"><\/a>\n<\/div><\/article><article class=\"pbmit-ele pbmit-ele-service pbmit-service-style-1 col-md-4 auto-guiado pbmit-term-161 iniciante pbmit-term-158  \">\n<div class=\"pbminfotech-post-item\">\n\t<div class=\"pbmit-service-image-wrapper\">\n\t\t<div class=\"pbmit-featured-img-wrapper\"><div class=\"pbmit-featured-wrapper\"><a href=\"https:\/\/brotasbiketour.com.br\/?pbmit-service=city-tour\"><img loading=\"lazy\" decoding=\"async\" width=\"700\" height=\"1000\" src=\"https:\/\/brotasbiketour.com.br\/wp-content\/uploads\/2024\/09\/B8C0D661-B4E3-4401-A2A2-ACFFB1FF1A25-700x1000.jpg\" class=\"attachment-pbmit-img-700x1000 size-pbmit-img-700x1000 wp-post-image\" alt=\"\" srcset=\"https:\/\/brotasbiketour.com.br\/wp-content\/uploads\/2024\/09\/B8C0D661-B4E3-4401-A2A2-ACFFB1FF1A25-700x1000.jpg 700w, https:\/\/brotasbiketour.com.br\/wp-content\/uploads\/2024\/09\/B8C0D661-B4E3-4401-A2A2-ACFFB1FF1A25-770x1099.jpg 770w\" sizes=\"(max-width: 700px) 100vw, 700px\" \/><\/a><\/div><\/div>\t<\/div>\n\t<div class=\"pbminfotech-box-content\">\n\t\t<div class=\"pbmit-box-content-inner\">\n\t\t\t<div class=\"pbmit-service-icon-wrapper\">\n\t\t\t\t<i class=\"mdi mdi-directions-bike\"><\/i>\t\t\t<\/div>\n\t\t\t<div class=\"pbmit-heading-box\">\n\t\t\t\t<div class=\"pbmit-service-cat\"><a href=\"https:\/\/brotasbiketour.com.br\/?pbmit-service-category=auto-guiado\" rel=\"tag\">Auto Guiado<\/a>, <a href=\"https:\/\/brotasbiketour.com.br\/?pbmit-service-category=iniciante\" rel=\"tag\">Iniciante<\/a><\/div>\n\t\t\t\t<h3 class=\"pbmit-service-title\"><a href=\"https:\/\/brotasbiketour.com.br\/?pbmit-service=city-tour\">City Tour 18km<\/a><\/h3>\n\t\t\t<\/div>\n\t\t<\/div>\n\t<\/div>\n\t<a href=\"https:\/\/brotasbiketour.com.br\/?pbmit-service=city-tour\" class=\"pbmit-link\"><\/a>\n<\/div><\/article><article class=\"pbmit-ele pbmit-ele-service pbmit-service-style-1 col-md-4 avancado pbmit-term-162 intermediario pbmit-term-168  \">\n<div class=\"pbminfotech-post-item\">\n\t<div class=\"pbmit-service-image-wrapper\">\n\t\t<div class=\"pbmit-featured-img-wrapper\"><div class=\"pbmit-featured-wrapper\"><a href=\"https:\/\/brotasbiketour.com.br\/?pbmit-service=cachoeira-martello\"><img loading=\"lazy\" decoding=\"async\" width=\"700\" height=\"909\" src=\"https:\/\/brotasbiketour.com.br\/wp-content\/uploads\/2024\/10\/cachoeira-do-martelo-700x909.png\" class=\"attachment-pbmit-img-700x1000 size-pbmit-img-700x1000 wp-post-image\" alt=\"\" \/><\/a><\/div><\/div>\t<\/div>\n\t<div class=\"pbminfotech-box-content\">\n\t\t<div class=\"pbmit-box-content-inner\">\n\t\t\t<div class=\"pbmit-service-icon-wrapper\">\n\t\t\t\t<i class=\"mdi mdi-directions-bike\"><\/i>\t\t\t<\/div>\n\t\t\t<div class=\"pbmit-heading-box\">\n\t\t\t\t<div class=\"pbmit-service-cat\"><a href=\"https:\/\/brotasbiketour.com.br\/?pbmit-service-category=avancado\" rel=\"tag\">Avan\u00e7ado<\/a>, <a href=\"https:\/\/brotasbiketour.com.br\/?pbmit-service-category=intermediario\" rel=\"tag\">Intermedi\u00e1rio<\/a><\/div>\n\t\t\t\t<h3 class=\"pbmit-service-title\"><a href=\"https:\/\/brotasbiketour.com.br\/?pbmit-service=cachoeira-martello\">Cachoeira do Martello 26km<\/a><\/h3>\n\t\t\t<\/div>\n\t\t<\/div>\n\t<\/div>\n\t<a href=\"https:\/\/brotasbiketour.com.br\/?pbmit-service=cachoeira-martello\" class=\"pbmit-link\"><\/a>\n<\/div><\/article>\n\t\t\t<\/div> <!-- .pbmit-element-posts-wrapper -->\n\n\t\t\t\n\t\t\n\t\t\n\t\t<\/div><!-- .pbmit-element-inner -->   <\/div><!-- .pbminfotech-element -->  \n\t\t\t\t<\/div>\n\t\t\t\t<\/div>\n\t\t\t\t\t<\/div>\n\t\t<\/div>\n\t\t\t\t\t<\/div>\n\t\t<\/div>\n\t\t\t\t<\/div>\n\t\t","protected":false},"excerpt":{"rendered":"<p>All Auto Guiado Avan\u00e7ado Iniciante Iniciante II Intermedi\u00e1rio {&#8220;cpt&#8221;:&#8221;service&#8221;,&#8221;style&#8221;:&#8221;1&#8243;,&#8221;columns&#8221;:&#8221;3&#8243;,&#8221;show&#8221;:12,&#8221;order&#8221;:&#8221;ASC&#8221;,&#8221;orderby&#8221;:&#8221;DESC&#8221;} Iniciante II Horto 25km Iniciante Po\u00e7\u00e3o &#8211; 13km Avan\u00e7ado Horto Full &#8211; 40km Iniciante Mini Horto &#8211; 15km Avan\u00e7ado Circuito das Cachoeiras &#8211; 65km Avan\u00e7ado Santa Maria &#8211; 26km Avan\u00e7ado Campo Redondo &#8211; 55km Avan\u00e7ado Horto High &#8211; 32km Auto Guiado, Iniciante City Tour &#8211; 18km [&hellip;]<\/p>\n","protected":false},"author":1,"featured_media":0,"parent":0,"menu_order":9,"comment_status":"closed","ping_status":"closed","template":"","meta":{"_acf_changed":false,"inline_featured_image":false,"_joinchat":[],"footnotes":""},"class_list":["post-3817","page","type-page","status-publish","hentry"],"acf":[],"_links":{"self":[{"href":"https:\/\/brotasbiketour.com.br\/index.php?rest_route=\/wp\/v2\/pages\/3817","targetHints":{"allow":["GET"]}}],"collection":[{"href":"https:\/\/brotasbiketour.com.br\/index.php?rest_route=\/wp\/v2\/pages"}],"about":[{"href":"https:\/\/brotasbiketour.com.br\/index.php?rest_route=\/wp\/v2\/types\/page"}],"author":[{"embeddable":true,"href":"https:\/\/brotasbiketour.com.br\/index.php?rest_route=\/wp\/v2\/users\/1"}],"replies":[{"embeddable":true,"href":"https:\/\/brotasbiketour.com.br\/index.php?rest_route=%2Fwp%2Fv2%2Fcomments&post=3817"}],"version-history":[{"count":8,"href":"https:\/\/brotasbiketour.com.br\/index.php?rest_route=\/wp\/v2\/pages\/3817\/revisions"}],"predecessor-version":[{"id":4475,"href":"https:\/\/brotasbiketour.com.br\/index.php?rest_route=\/wp\/v2\/pages\/3817\/revisions\/4475"}],"wp:attachment":[{"href":"https:\/\/brotasbiketour.com.br\/index.php?rest_route=%2Fwp%2Fv2%2Fmedia&parent=3817"}],"curies":[{"name":"wp","href":"https:\/\/api.w.org\/{rel}","templated":true}]}}